{"id":23905,"date":"2025-06-09T18:31:01","date_gmt":"2025-06-09T16:31:01","guid":{"rendered":"https:\/\/clinicaciplex.com\/spectral-dnc-n\/"},"modified":"2026-04-08T15:37:57","modified_gmt":"2026-04-08T13:37:57","slug":"spectral-dnc-n","status":"publish","type":"product","link":"https:\/\/clinicaciplex.com\/pt-pt\/spectral-dnc-n\/","title":{"rendered":"Spectral DNC-N"},"content":{"rendered":"<div id=\"ui-id-2\" class=\"ui-accordion-content ui-corner-bottom ui-helper-reset ui-widget-content ui-accordion-content-active\" role=\"tabpanel\" aria-labelledby=\"ui-id-1\" aria-hidden=\"false\">\n<p>Spectral.DNC-N da DS Laboratories \u00e9 um tratamento anti-queda de cabelo avan\u00e7ado formulado com uma mol\u00e9cula concebida para atuar de forma semelhante ao minoxidil, mas com maior efic\u00e1cia e toler\u00e2ncia. A sua a\u00e7\u00e3o multifocal estimula o fol\u00edculo piloso, melhora a densidade do cabelo e reduz a miniaturiza\u00e7\u00e3o nas zonas afectadas pela alop\u00e9cia.<\/p>\n<p>Indicado para homens e mulheres. Ideal para os casos de queda de cabelo ligeira a moderada, raleadura ou alopecia androgen\u00e9tica em fase inicial. A sua tecnologia garante uma absor\u00e7\u00e3o profunda e sustentada dos princ\u00edpios activos.<\/p>\n<p><strong>Modo de utiliza\u00e7\u00e3o:<\/strong><\/p>\n<p>Aplicar 6 pulveriza\u00e7\u00f5es duas vezes por dia, de prefer\u00eancia de manh\u00e3 e \u00e0 noite, diretamente no couro cabeludo seco ou h\u00famido, nas zonas afectadas pela queda de cabelo. Massajar suavemente com a ponta dos dedos. N\u00e3o enxaguar. Utiliza\u00e7\u00e3o cont\u00ednua m\u00ednima recomendada: 3 meses.<\/p>\n<p><strong>Resultados vis\u00edveis com a utiliza\u00e7\u00e3o cont\u00ednua:<\/strong><\/p>\n<ul>\n<li>Redu\u00e7\u00e3o significativa da queda de cabelo.<\/li>\n<li style=\"list-style-type: none;\"><\/li>\n<\/ul>\n<\/div>\n","protected":false},"excerpt":{"rendered":"<p>Tratamento t\u00f3pico anti-queda de cabelo de \u00faltima gera\u00e7\u00e3o com Nanoxidil\u00ae a 5%, desenvolvido para travar a queda de cabelo, estimular o crescimento do cabelo e aumentar a densidade do cabelo sem os efeitos secund\u00e1rios provocados pelo minoxidil.<\/p>\n<p>F\u00f3rmula sem \u00e1lcool, sem parabenos, n\u00e3o gordurosa, dermatologicamente testada, adequada para uma utiliza\u00e7\u00e3o prolongada.<\/p>\n<p>60ml<\/p>\n","protected":false},"featured_media":23039,"template":"","meta":{"_joinchat":[]},"product_brand":[631],"product_cat":[617,620],"product_tag":[],"class_list":{"0":"post-23905","1":"product","2":"type-product","3":"status-publish","4":"has-post-thumbnail","6":"product_brand-ds-pt-pt","7":"product_cat-capilar","8":"product_cat-tratamento","10":"first","11":"instock","12":"taxable","13":"shipping-taxable","14":"purchasable","15":"product-type-simple"},"yoast_head":"<!-- This site is optimized with the Yoast SEO plugin v27.5 - https:\/\/yoast.com\/product\/yoast-seo-wordpress\/ -->\n<title>Produtos para o cabelo - Spectral DNC-N - Cl\u00ednica Ciplex<\/title>\n<meta name=\"description\" content=\"Tratamento t\u00f3pico anti-queda de cabelo de \u00faltima gera\u00e7\u00e3o desenvolvido para parar a queda de cabelo, estimular o crescimento do cabelo e aumentar a densidade do cabelo sem os efeitos secund\u00e1rios causados pelo minoxidil\" \/>\n<meta name=\"robots\" content=\"index, follow, max-snippet:-1, max-image-preview:large, max-video-preview:-1\" \/>\n<link rel=\"canonical\" href=\"https:\/\/clinicaciplex.com\/pt-pt\/spectral-dnc-n\/\" \/>\n<meta property=\"og:locale\" content=\"pt_PT\" \/>\n<meta property=\"og:type\" content=\"article\" \/>\n<meta property=\"og:title\" content=\"Produtos para o cabelo - Spectral DNC-N - Cl\u00ednica Ciplex\" \/>\n<meta property=\"og:description\" content=\"Tratamento t\u00f3pico anti-queda de cabelo de \u00faltima gera\u00e7\u00e3o desenvolvido para parar a queda de cabelo, estimular o crescimento do cabelo e aumentar a densidade do cabelo sem os efeitos secund\u00e1rios causados pelo minoxidil\" \/>\n<meta property=\"og:url\" content=\"https:\/\/clinicaciplex.com\/pt-pt\/spectral-dnc-n\/\" \/>\n<meta property=\"og:site_name\" content=\"Cl\u00ednica Ciplex\" \/>\n<meta property=\"article:publisher\" content=\"https:\/\/www.facebook.com\/clinica.ciplex\" \/>\n<meta property=\"article:modified_time\" content=\"2026-04-08T13:37:57+00:00\" \/>\n<meta property=\"og:image\" content=\"https:\/\/clinicaciplex.com\/wp-content\/uploads\/2025\/04\/Clinica-Ciplex_Spectral-DNC-N_DS_Envase.jpg\" \/>\n\t<meta property=\"og:image:width\" content=\"800\" \/>\n\t<meta property=\"og:image:height\" content=\"800\" \/>\n\t<meta property=\"og:image:type\" content=\"image\/jpeg\" \/>\n<meta name=\"twitter:card\" content=\"summary_large_image\" \/>\n<meta name=\"twitter:label1\" content=\"Tempo estimado de leitura\" \/>\n\t<meta name=\"twitter:data1\" content=\"1 minuto\" \/>\n<script type=\"application\/ld+json\" class=\"yoast-schema-graph\">{\"@context\":\"https:\\\/\\\/schema.org\",\"@graph\":[{\"@type\":\"WebPage\",\"@id\":\"https:\\\/\\\/clinicaciplex.com\\\/pt-pt\\\/spectral-dnc-n\\\/\",\"url\":\"https:\\\/\\\/clinicaciplex.com\\\/pt-pt\\\/spectral-dnc-n\\\/\",\"name\":\"Produtos para o cabelo - Spectral DNC-N - Cl\u00ednica Ciplex\",\"isPartOf\":{\"@id\":\"https:\\\/\\\/clinicaciplex.com\\\/#website\"},\"primaryImageOfPage\":{\"@id\":\"https:\\\/\\\/clinicaciplex.com\\\/pt-pt\\\/spectral-dnc-n\\\/#primaryimage\"},\"image\":{\"@id\":\"https:\\\/\\\/clinicaciplex.com\\\/pt-pt\\\/spectral-dnc-n\\\/#primaryimage\"},\"thumbnailUrl\":\"https:\\\/\\\/clinicaciplex.com\\\/wp-content\\\/uploads\\\/2025\\\/04\\\/Clinica-Ciplex_Spectral-DNC-N_DS_Envase.jpg\",\"datePublished\":\"2025-06-09T16:31:01+00:00\",\"dateModified\":\"2026-04-08T13:37:57+00:00\",\"description\":\"Tratamento t\u00f3pico anti-queda de cabelo de \u00faltima gera\u00e7\u00e3o desenvolvido para parar a queda de cabelo, estimular o crescimento do cabelo e aumentar a densidade do cabelo sem os efeitos secund\u00e1rios causados pelo minoxidil\",\"breadcrumb\":{\"@id\":\"https:\\\/\\\/clinicaciplex.com\\\/pt-pt\\\/spectral-dnc-n\\\/#breadcrumb\"},\"inLanguage\":\"pt-PT\",\"potentialAction\":[{\"@type\":\"ReadAction\",\"target\":[\"https:\\\/\\\/clinicaciplex.com\\\/pt-pt\\\/spectral-dnc-n\\\/\"]}]},{\"@type\":\"ImageObject\",\"inLanguage\":\"pt-PT\",\"@id\":\"https:\\\/\\\/clinicaciplex.com\\\/pt-pt\\\/spectral-dnc-n\\\/#primaryimage\",\"url\":\"https:\\\/\\\/clinicaciplex.com\\\/wp-content\\\/uploads\\\/2025\\\/04\\\/Clinica-Ciplex_Spectral-DNC-N_DS_Envase.jpg\",\"contentUrl\":\"https:\\\/\\\/clinicaciplex.com\\\/wp-content\\\/uploads\\\/2025\\\/04\\\/Clinica-Ciplex_Spectral-DNC-N_DS_Envase.jpg\",\"width\":800,\"height\":800},{\"@type\":\"BreadcrumbList\",\"@id\":\"https:\\\/\\\/clinicaciplex.com\\\/pt-pt\\\/spectral-dnc-n\\\/#breadcrumb\",\"itemListElement\":[{\"@type\":\"ListItem\",\"position\":1,\"name\":\"Cl\u00ednica C\u00edplex\",\"item\":\"https:\\\/\\\/clinicaciplex.com\\\/pt-pt\\\/\"},{\"@type\":\"ListItem\",\"position\":2,\"name\":\"Shop\",\"item\":\"https:\\\/\\\/clinicaciplex.com\\\/pt-pt\\\/shop\\\/\"},{\"@type\":\"ListItem\",\"position\":3,\"name\":\"Protecci\u00f3n solar\",\"item\":\"https:\\\/\\\/clinicaciplex.com\\\/proteccion-solar\\\/\"},{\"@type\":\"ListItem\",\"position\":4,\"name\":\"Spectral DNC-N\"}]},{\"@type\":\"WebSite\",\"@id\":\"https:\\\/\\\/clinicaciplex.com\\\/#website\",\"url\":\"https:\\\/\\\/clinicaciplex.com\\\/\",\"name\":\"Cl\u00ednica Ciplex\",\"description\":\"L\u00edderes en cirug\u00eda est\u00e9tica y pl\u00e1stica en Badajoz: rinoplastia, aumento de pecho, liposucci\u00f3n y m\u00e1s. Presentes en toda Extremadura. Financia en 5 a\u00f1os\",\"publisher\":{\"@id\":\"https:\\\/\\\/clinicaciplex.com\\\/#organization\"},\"alternateName\":\"Cl\u00ednica de cirug\u00eda pl\u00e1stica y est\u00e9tica Ciplex\",\"potentialAction\":[{\"@type\":\"SearchAction\",\"target\":{\"@type\":\"EntryPoint\",\"urlTemplate\":\"https:\\\/\\\/clinicaciplex.com\\\/?s={search_term_string}\"},\"query-input\":{\"@type\":\"PropertyValueSpecification\",\"valueRequired\":true,\"valueName\":\"search_term_string\"}}],\"inLanguage\":\"pt-PT\"},{\"@type\":\"Organization\",\"@id\":\"https:\\\/\\\/clinicaciplex.com\\\/#organization\",\"name\":\"Cl\u00ednica Ciplex\",\"alternateName\":\"Cl\u00ednica de cirug\u00eda pl\u00e1stica y est\u00e9tica Ciplex\",\"url\":\"https:\\\/\\\/clinicaciplex.com\\\/\",\"logo\":{\"@type\":\"ImageObject\",\"inLanguage\":\"pt-PT\",\"@id\":\"https:\\\/\\\/clinicaciplex.com\\\/#\\\/schema\\\/logo\\\/image\\\/\",\"url\":\"https:\\\/\\\/clinicaciplex.com\\\/wp-content\\\/uploads\\\/2024\\\/04\\\/logo.svg\",\"contentUrl\":\"https:\\\/\\\/clinicaciplex.com\\\/wp-content\\\/uploads\\\/2024\\\/04\\\/logo.svg\",\"width\":167,\"height\":45,\"caption\":\"Cl\u00ednica Ciplex\"},\"image\":{\"@id\":\"https:\\\/\\\/clinicaciplex.com\\\/#\\\/schema\\\/logo\\\/image\\\/\"},\"sameAs\":[\"https:\\\/\\\/www.facebook.com\\\/clinica.ciplex\",\"https:\\\/\\\/www.instagram.com\\\/clinicaciplex\\\/\"]}]}<\/script>\n<!-- \/ Yoast SEO plugin. -->","yoast_head_json":{"title":"Produtos para o cabelo - Spectral DNC-N - Cl\u00ednica Ciplex","description":"Tratamento t\u00f3pico anti-queda de cabelo de \u00faltima gera\u00e7\u00e3o desenvolvido para parar a queda de cabelo, estimular o crescimento do cabelo e aumentar a densidade do cabelo sem os efeitos secund\u00e1rios causados pelo minoxidil","robots":{"index":"index","follow":"follow","max-snippet":"max-snippet:-1","max-image-preview":"max-image-preview:large","max-video-preview":"max-video-preview:-1"},"canonical":"https:\/\/clinicaciplex.com\/pt-pt\/spectral-dnc-n\/","og_locale":"pt_PT","og_type":"article","og_title":"Produtos para o cabelo - Spectral DNC-N - Cl\u00ednica Ciplex","og_description":"Tratamento t\u00f3pico anti-queda de cabelo de \u00faltima gera\u00e7\u00e3o desenvolvido para parar a queda de cabelo, estimular o crescimento do cabelo e aumentar a densidade do cabelo sem os efeitos secund\u00e1rios causados pelo minoxidil","og_url":"https:\/\/clinicaciplex.com\/pt-pt\/spectral-dnc-n\/","og_site_name":"Cl\u00ednica Ciplex","article_publisher":"https:\/\/www.facebook.com\/clinica.ciplex","article_modified_time":"2026-04-08T13:37:57+00:00","og_image":[{"width":800,"height":800,"url":"https:\/\/clinicaciplex.com\/wp-content\/uploads\/2025\/04\/Clinica-Ciplex_Spectral-DNC-N_DS_Envase.jpg","type":"image\/jpeg"}],"twitter_card":"summary_large_image","twitter_misc":{"Tempo estimado de leitura":"1 minuto"},"schema":{"@context":"https:\/\/schema.org","@graph":[{"@type":"WebPage","@id":"https:\/\/clinicaciplex.com\/pt-pt\/spectral-dnc-n\/","url":"https:\/\/clinicaciplex.com\/pt-pt\/spectral-dnc-n\/","name":"Produtos para o cabelo - Spectral DNC-N - Cl\u00ednica Ciplex","isPartOf":{"@id":"https:\/\/clinicaciplex.com\/#website"},"primaryImageOfPage":{"@id":"https:\/\/clinicaciplex.com\/pt-pt\/spectral-dnc-n\/#primaryimage"},"image":{"@id":"https:\/\/clinicaciplex.com\/pt-pt\/spectral-dnc-n\/#primaryimage"},"thumbnailUrl":"https:\/\/clinicaciplex.com\/wp-content\/uploads\/2025\/04\/Clinica-Ciplex_Spectral-DNC-N_DS_Envase.jpg","datePublished":"2025-06-09T16:31:01+00:00","dateModified":"2026-04-08T13:37:57+00:00","description":"Tratamento t\u00f3pico anti-queda de cabelo de \u00faltima gera\u00e7\u00e3o desenvolvido para parar a queda de cabelo, estimular o crescimento do cabelo e aumentar a densidade do cabelo sem os efeitos secund\u00e1rios causados pelo minoxidil","breadcrumb":{"@id":"https:\/\/clinicaciplex.com\/pt-pt\/spectral-dnc-n\/#breadcrumb"},"inLanguage":"pt-PT","potentialAction":[{"@type":"ReadAction","target":["https:\/\/clinicaciplex.com\/pt-pt\/spectral-dnc-n\/"]}]},{"@type":"ImageObject","inLanguage":"pt-PT","@id":"https:\/\/clinicaciplex.com\/pt-pt\/spectral-dnc-n\/#primaryimage","url":"https:\/\/clinicaciplex.com\/wp-content\/uploads\/2025\/04\/Clinica-Ciplex_Spectral-DNC-N_DS_Envase.jpg","contentUrl":"https:\/\/clinicaciplex.com\/wp-content\/uploads\/2025\/04\/Clinica-Ciplex_Spectral-DNC-N_DS_Envase.jpg","width":800,"height":800},{"@type":"BreadcrumbList","@id":"https:\/\/clinicaciplex.com\/pt-pt\/spectral-dnc-n\/#breadcrumb","itemListElement":[{"@type":"ListItem","position":1,"name":"Cl\u00ednica C\u00edplex","item":"https:\/\/clinicaciplex.com\/pt-pt\/"},{"@type":"ListItem","position":2,"name":"Shop","item":"https:\/\/clinicaciplex.com\/pt-pt\/shop\/"},{"@type":"ListItem","position":3,"name":"Protecci\u00f3n solar","item":"https:\/\/clinicaciplex.com\/proteccion-solar\/"},{"@type":"ListItem","position":4,"name":"Spectral DNC-N"}]},{"@type":"WebSite","@id":"https:\/\/clinicaciplex.com\/#website","url":"https:\/\/clinicaciplex.com\/","name":"Cl\u00ednica Ciplex","description":"L\u00edderes en cirug\u00eda est\u00e9tica y pl\u00e1stica en Badajoz: rinoplastia, aumento de pecho, liposucci\u00f3n y m\u00e1s. Presentes en toda Extremadura. Financia en 5 a\u00f1os","publisher":{"@id":"https:\/\/clinicaciplex.com\/#organization"},"alternateName":"Cl\u00ednica de cirug\u00eda pl\u00e1stica y est\u00e9tica Ciplex","potentialAction":[{"@type":"SearchAction","target":{"@type":"EntryPoint","urlTemplate":"https:\/\/clinicaciplex.com\/?s={search_term_string}"},"query-input":{"@type":"PropertyValueSpecification","valueRequired":true,"valueName":"search_term_string"}}],"inLanguage":"pt-PT"},{"@type":"Organization","@id":"https:\/\/clinicaciplex.com\/#organization","name":"Cl\u00ednica Ciplex","alternateName":"Cl\u00ednica de cirug\u00eda pl\u00e1stica y est\u00e9tica Ciplex","url":"https:\/\/clinicaciplex.com\/","logo":{"@type":"ImageObject","inLanguage":"pt-PT","@id":"https:\/\/clinicaciplex.com\/#\/schema\/logo\/image\/","url":"https:\/\/clinicaciplex.com\/wp-content\/uploads\/2024\/04\/logo.svg","contentUrl":"https:\/\/clinicaciplex.com\/wp-content\/uploads\/2024\/04\/logo.svg","width":167,"height":45,"caption":"Cl\u00ednica Ciplex"},"image":{"@id":"https:\/\/clinicaciplex.com\/#\/schema\/logo\/image\/"},"sameAs":["https:\/\/www.facebook.com\/clinica.ciplex","https:\/\/www.instagram.com\/clinicaciplex\/"]}]}},"_links":{"self":[{"href":"https:\/\/clinicaciplex.com\/pt-pt\/wp-json\/wp\/v2\/product\/23905","targetHints":{"allow":["GET"]}}],"collection":[{"href":"https:\/\/clinicaciplex.com\/pt-pt\/wp-json\/wp\/v2\/product"}],"about":[{"href":"https:\/\/clinicaciplex.com\/pt-pt\/wp-json\/wp\/v2\/types\/product"}],"wp:featuredmedia":[{"embeddable":true,"href":"https:\/\/clinicaciplex.com\/pt-pt\/wp-json\/wp\/v2\/media\/23039"}],"wp:attachment":[{"href":"https:\/\/clinicaciplex.com\/pt-pt\/wp-json\/wp\/v2\/media?parent=23905"}],"wp:term":[{"taxonomy":"product_brand","embeddable":true,"href":"https:\/\/clinicaciplex.com\/pt-pt\/wp-json\/wp\/v2\/product_brand?post=23905"},{"taxonomy":"product_cat","embeddable":true,"href":"https:\/\/clinicaciplex.com\/pt-pt\/wp-json\/wp\/v2\/product_cat?post=23905"},{"taxonomy":"product_tag","embeddable":true,"href":"https:\/\/clinicaciplex.com\/pt-pt\/wp-json\/wp\/v2\/product_tag?post=23905"}],"curies":[{"name":"wp","href":"https:\/\/api.w.org\/{rel}","templated":true}]}}