{"id":23001,"date":"2025-04-15T18:54:23","date_gmt":"2025-04-15T16:54:23","guid":{"rendered":"https:\/\/clinicaciplex.com\/cart\/"},"modified":"2025-04-15T18:54:23","modified_gmt":"2025-04-15T16:54:23","slug":"cart","status":"publish","type":"page","link":"https:\/\/clinicaciplex.com\/pt-pt\/cart\/","title":{"rendered":"Cart"},"content":{"rendered":"\n<div data-block-name=\"woocommerce\/cart\" class=\"wp-block-woocommerce-cart alignwide is-loading\">\n<div data-block-name=\"woocommerce\/filled-cart-block\" class=\"wp-block-woocommerce-filled-cart-block\">\n<div data-block-name=\"woocommerce\/cart-items-block\" class=\"wp-block-woocommerce-cart-items-block\">\n<div data-block-name=\"woocommerce\/cart-line-items-block\" class=\"wp-block-woocommerce-cart-line-items-block\"><\/div>\n\n\n\n<div data-block-name=\"woocommerce\/cart-cross-sells-block\" class=\"wp-block-woocommerce-cart-cross-sells-block\">\n<h2 class=\"wp-block-heading has-large-font-size\">Puede que te interese\u2026<\/h2>\n\n\n\n<div data-block-name=\"woocommerce\/cart-cross-sells-products-block\" class=\"wp-block-woocommerce-cart-cross-sells-products-block\"><\/div>\n<\/div>\n<\/div>\n\n\n\n<div data-block-name=\"woocommerce\/cart-totals-block\" class=\"wp-block-woocommerce-cart-totals-block\">\n<div data-block-name=\"woocommerce\/cart-order-summary-block\" class=\"wp-block-woocommerce-cart-order-summary-block\">\n<div data-block-name=\"woocommerce\/cart-order-summary-heading-block\" class=\"wp-block-woocommerce-cart-order-summary-heading-block\"><\/div><div data-block-name=\"woocommerce\/cart-order-summary-coupon-form-block\" class=\"wp-block-woocommerce-cart-order-summary-coupon-form-block\"><\/div><div data-block-name=\"woocommerce\/cart-order-summary-totals-block\" class=\"wp-block-woocommerce-cart-order-summary-totals-block\">\n<div data-block-name=\"woocommerce\/cart-order-summary-subtotal-block\" class=\"wp-block-woocommerce-cart-order-summary-subtotal-block\"><\/div>\n<div data-block-name=\"woocommerce\/cart-order-summary-discount-block\" class=\"wp-block-woocommerce-cart-order-summary-discount-block\"><\/div>\n<div data-block-name=\"woocommerce\/cart-order-summary-fee-block\" class=\"wp-block-woocommerce-cart-order-summary-fee-block\"><\/div>\n<div data-block-name=\"woocommerce\/cart-order-summary-shipping-block\" class=\"wp-block-woocommerce-cart-order-summary-shipping-block\"><\/div>\n<div data-block-name=\"woocommerce\/cart-order-summary-taxes-block\" class=\"wp-block-woocommerce-cart-order-summary-taxes-block\"><\/div><\/div>\n<\/div>\n\n\n\n<div data-block-name=\"woocommerce\/cart-express-payment-block\" class=\"wp-block-woocommerce-cart-express-payment-block\"><\/div>\n\n\n\n<div data-block-name=\"woocommerce\/proceed-to-checkout-block\" class=\"wp-block-woocommerce-proceed-to-checkout-block\"><\/div>\n\n\n\n<div data-block-name=\"woocommerce\/cart-accepted-payment-methods-block\" class=\"wp-block-woocommerce-cart-accepted-payment-methods-block\"><\/div>\n<\/div>\n<\/div>\n\n\n\n<div data-block-name=\"woocommerce\/empty-cart-block\" class=\"wp-block-woocommerce-empty-cart-block\">\n<h2 class=\"wp-block-heading has-text-align-center with-empty-cart-icon wc-block-cart__empty-cart__title\">\u00a1Tu carrito est\u00e1 actualmente vac\u00edo!<\/h2>\n\n\n\n<hr class=\"wp-block-separator has-alpha-channel-opacity is-style-dots\"\/>\n\n\n\n<h2 class=\"wp-block-heading has-text-align-center\">Nuevo en la tienda<\/h2>\n\n\n<div data-block-name=\"woocommerce\/product-new\" data-columns=\"4\" data-rows=\"1\" class=\"wc-block-grid wp-block-product-new wp-block-woocommerce-product-new wc-block-product-new has-4-columns\"><ul class=\"wc-block-grid__products\"><li class=\"wc-block-grid__product add-to-wishlist-after_add_to_cart\"><a href=\"https:\/\/clinicaciplex.com\/pt-pt\/k-ox-eyes\/\" class=\"wc-block-grid__product-link\">\n\t\t\t\t\t\n\t\t\t\t\t<div class=\"wc-block-grid__product-image\"><img fetchpriority=\"high\" decoding=\"async\" width=\"300\" height=\"300\" src=\"https:\/\/clinicaciplex.com\/wp-content\/uploads\/2025\/05\/Clinica_Ciplex_K-Ox-Eyes_Isdin-300x300.jpg\" class=\"attachment-woocommerce_thumbnail size-woocommerce_thumbnail\" alt=\"K-Ox Eyes\" srcset=\"https:\/\/clinicaciplex.com\/wp-content\/uploads\/2025\/05\/Clinica_Ciplex_K-Ox-Eyes_Isdin-300x300.jpg 300w, https:\/\/clinicaciplex.com\/wp-content\/uploads\/2025\/05\/Clinica_Ciplex_K-Ox-Eyes_Isdin-150x150.jpg 150w, https:\/\/clinicaciplex.com\/wp-content\/uploads\/2025\/05\/Clinica_Ciplex_K-Ox-Eyes_Isdin-768x768.jpg 768w, https:\/\/clinicaciplex.com\/wp-content\/uploads\/2025\/05\/Clinica_Ciplex_K-Ox-Eyes_Isdin-650x650.jpg 650w, https:\/\/clinicaciplex.com\/wp-content\/uploads\/2025\/05\/Clinica_Ciplex_K-Ox-Eyes_Isdin-600x600.jpg 600w, https:\/\/clinicaciplex.com\/wp-content\/uploads\/2025\/05\/Clinica_Ciplex_K-Ox-Eyes_Isdin-100x100.jpg 100w, https:\/\/clinicaciplex.com\/wp-content\/uploads\/2025\/05\/Clinica_Ciplex_K-Ox-Eyes_Isdin.jpg 800w\" sizes=\"(max-width: 300px) 100vw, 300px\" \/><\/div>\n\t\t\t\t\t<div class=\"wc-block-grid__product-title\">K-Ox Eyes<\/div>\n\t\t\t\t<\/a>\n\t\t\t\t<div class=\"wc-block-grid__product-price price\"><span class=\"woocommerce-Price-amount amount\">49,75&nbsp;<span class=\"woocommerce-Price-currencySymbol\">&euro;<\/span><\/span><\/div>\n\t\t\t\t\n\t\t\t\t<div class=\"wp-block-button wc-block-grid__product-add-to-cart\"><a href=\"\/pt-pt\/wp-json\/wp\/v2\/pages\/23001?add-to-cart=23766\" aria-label=\"Adiciona ao carrinho: &ldquo;K-Ox Eyes&rdquo;\" data-quantity=\"1\" data-product_id=\"23766\" data-product_sku=\"ISD0001\" data-price=\"49.75\" rel=\"nofollow\" class=\"wp-block-button__link  add_to_cart_button ajax_add_to_cart\">Add to bag &#8211; 49,75&nbsp;&euro;<\/a><\/div>\n\t\t\t\n<div\n\tclass=\"yith-wcwl-add-to-wishlist add-to-wishlist-23766 yith-wcwl-add-to-wishlist--link-style wishlist-fragment on-first-load\"\n\tdata-fragment-ref=\"23766\"\n\tdata-fragment-options=\"{&quot;base_url&quot;:&quot;&quot;,&quot;product_id&quot;:23766,&quot;parent_product_id&quot;:0,&quot;product_type&quot;:&quot;simple&quot;,&quot;is_single&quot;:false,&quot;in_default_wishlist&quot;:false,&quot;show_view&quot;:false,&quot;browse_wishlist_text&quot;:&quot;Echar un vistazo a la lista de deseos&quot;,&quot;already_in_wishslist_text&quot;:&quot;\\u00a1El producto ya est\\u00e1 en tu lista de deseos!&quot;,&quot;product_added_text&quot;:&quot;\\u00a1Producto a\\u00f1adido!&quot;,&quot;available_multi_wishlist&quot;:false,&quot;disable_wishlist&quot;:false,&quot;show_count&quot;:false,&quot;ajax_loading&quot;:false,&quot;loop_position&quot;:&quot;after_add_to_cart&quot;,&quot;item&quot;:&quot;add_to_wishlist&quot;}\"\n>\n\t<\/div>\n<\/li><li class=\"wc-block-grid__product add-to-wishlist-after_add_to_cart\"><a href=\"https:\/\/clinicaciplex.com\/pt-pt\/skin-inmersive-antiaging\/\" class=\"wc-block-grid__product-link\">\n\t\t\t\t\t\n\t\t\t\t\t<div class=\"wc-block-grid__product-image\"><img decoding=\"async\" width=\"300\" height=\"300\" src=\"https:\/\/clinicaciplex.com\/wp-content\/uploads\/2025\/05\/Clinica_Ciplex_Skin-Inmersive-Antiaging_Genidentity_0002_KIP00248_2_1400x-300x300.jpg\" class=\"attachment-woocommerce_thumbnail size-woocommerce_thumbnail\" alt=\"Skin Inmersive Antiaging\" srcset=\"https:\/\/clinicaciplex.com\/wp-content\/uploads\/2025\/05\/Clinica_Ciplex_Skin-Inmersive-Antiaging_Genidentity_0002_KIP00248_2_1400x-300x300.jpg 300w, https:\/\/clinicaciplex.com\/wp-content\/uploads\/2025\/05\/Clinica_Ciplex_Skin-Inmersive-Antiaging_Genidentity_0002_KIP00248_2_1400x-150x150.jpg 150w, https:\/\/clinicaciplex.com\/wp-content\/uploads\/2025\/05\/Clinica_Ciplex_Skin-Inmersive-Antiaging_Genidentity_0002_KIP00248_2_1400x-768x768.jpg 768w, https:\/\/clinicaciplex.com\/wp-content\/uploads\/2025\/05\/Clinica_Ciplex_Skin-Inmersive-Antiaging_Genidentity_0002_KIP00248_2_1400x-650x650.jpg 650w, https:\/\/clinicaciplex.com\/wp-content\/uploads\/2025\/05\/Clinica_Ciplex_Skin-Inmersive-Antiaging_Genidentity_0002_KIP00248_2_1400x-600x600.jpg 600w, https:\/\/clinicaciplex.com\/wp-content\/uploads\/2025\/05\/Clinica_Ciplex_Skin-Inmersive-Antiaging_Genidentity_0002_KIP00248_2_1400x-100x100.jpg 100w, https:\/\/clinicaciplex.com\/wp-content\/uploads\/2025\/05\/Clinica_Ciplex_Skin-Inmersive-Antiaging_Genidentity_0002_KIP00248_2_1400x.jpg 800w\" sizes=\"(max-width: 300px) 100vw, 300px\" \/><\/div>\n\t\t\t\t\t<div class=\"wc-block-grid__product-title\">Skin Inmersive Antiaging<\/div>\n\t\t\t\t<\/a>\n\t\t\t\t<div class=\"wc-block-grid__product-price price\"><span class=\"woocommerce-Price-amount amount\">88,70&nbsp;<span class=\"woocommerce-Price-currencySymbol\">&euro;<\/span><\/span><\/div>\n\t\t\t\t\n\t\t\t\t<div class=\"wp-block-button wc-block-grid__product-add-to-cart\"><a href=\"\/pt-pt\/wp-json\/wp\/v2\/pages\/23001?add-to-cart=23764\" aria-label=\"Adiciona ao carrinho: &ldquo;Skin Inmersive Antiaging&rdquo;\" data-quantity=\"1\" data-product_id=\"23764\" data-product_sku=\"GEN007\" data-price=\"88.7\" rel=\"nofollow\" class=\"wp-block-button__link  add_to_cart_button ajax_add_to_cart\">Add to bag &#8211; 88,70&nbsp;&euro;<\/a><\/div>\n\t\t\t\n<div\n\tclass=\"yith-wcwl-add-to-wishlist add-to-wishlist-23764 yith-wcwl-add-to-wishlist--link-style wishlist-fragment on-first-load\"\n\tdata-fragment-ref=\"23764\"\n\tdata-fragment-options=\"{&quot;base_url&quot;:&quot;&quot;,&quot;product_id&quot;:23764,&quot;parent_product_id&quot;:0,&quot;product_type&quot;:&quot;simple&quot;,&quot;is_single&quot;:false,&quot;in_default_wishlist&quot;:false,&quot;show_view&quot;:false,&quot;browse_wishlist_text&quot;:&quot;Echar un vistazo a la lista de deseos&quot;,&quot;already_in_wishslist_text&quot;:&quot;\\u00a1El producto ya est\\u00e1 en tu lista de deseos!&quot;,&quot;product_added_text&quot;:&quot;\\u00a1Producto a\\u00f1adido!&quot;,&quot;available_multi_wishlist&quot;:false,&quot;disable_wishlist&quot;:false,&quot;show_count&quot;:false,&quot;ajax_loading&quot;:false,&quot;loop_position&quot;:&quot;after_add_to_cart&quot;,&quot;item&quot;:&quot;add_to_wishlist&quot;}\"\n>\n\t<\/div>\n<\/li><li class=\"wc-block-grid__product add-to-wishlist-after_add_to_cart\"><a href=\"https:\/\/clinicaciplex.com\/pt-pt\/sun-pollution-protector\/\" class=\"wc-block-grid__product-link\">\n\t\t\t\t\t\n\t\t\t\t\t<div class=\"wc-block-grid__product-image\"><img decoding=\"async\" width=\"300\" height=\"300\" src=\"https:\/\/clinicaciplex.com\/wp-content\/uploads\/2025\/05\/Clinica_Ciplex_SunPollution-Protector_Genidentity_0000_genidentity-protector-solar-2_9c283b96-fcd6-4b33-ae17-d2ee4dab21-300x300.jpg\" class=\"attachment-woocommerce_thumbnail size-woocommerce_thumbnail\" alt=\"Sun &amp; Pollution Protector\" srcset=\"https:\/\/clinicaciplex.com\/wp-content\/uploads\/2025\/05\/Clinica_Ciplex_SunPollution-Protector_Genidentity_0000_genidentity-protector-solar-2_9c283b96-fcd6-4b33-ae17-d2ee4dab21-300x300.jpg 300w, https:\/\/clinicaciplex.com\/wp-content\/uploads\/2025\/05\/Clinica_Ciplex_SunPollution-Protector_Genidentity_0000_genidentity-protector-solar-2_9c283b96-fcd6-4b33-ae17-d2ee4dab21-150x150.jpg 150w, https:\/\/clinicaciplex.com\/wp-content\/uploads\/2025\/05\/Clinica_Ciplex_SunPollution-Protector_Genidentity_0000_genidentity-protector-solar-2_9c283b96-fcd6-4b33-ae17-d2ee4dab21-768x768.jpg 768w, https:\/\/clinicaciplex.com\/wp-content\/uploads\/2025\/05\/Clinica_Ciplex_SunPollution-Protector_Genidentity_0000_genidentity-protector-solar-2_9c283b96-fcd6-4b33-ae17-d2ee4dab21-650x650.jpg 650w, https:\/\/clinicaciplex.com\/wp-content\/uploads\/2025\/05\/Clinica_Ciplex_SunPollution-Protector_Genidentity_0000_genidentity-protector-solar-2_9c283b96-fcd6-4b33-ae17-d2ee4dab21-600x600.jpg 600w, https:\/\/clinicaciplex.com\/wp-content\/uploads\/2025\/05\/Clinica_Ciplex_SunPollution-Protector_Genidentity_0000_genidentity-protector-solar-2_9c283b96-fcd6-4b33-ae17-d2ee4dab21-100x100.jpg 100w, https:\/\/clinicaciplex.com\/wp-content\/uploads\/2025\/05\/Clinica_Ciplex_SunPollution-Protector_Genidentity_0000_genidentity-protector-solar-2_9c283b96-fcd6-4b33-ae17-d2ee4dab21.jpg 800w\" sizes=\"(max-width: 300px) 100vw, 300px\" \/><\/div>\n\t\t\t\t\t<div class=\"wc-block-grid__product-title\">Sun &amp; Pollution Protector<\/div>\n\t\t\t\t<\/a>\n\t\t\t\t<div class=\"wc-block-grid__product-price price\"><span class=\"woocommerce-Price-amount amount\">38,80&nbsp;<span class=\"woocommerce-Price-currencySymbol\">&euro;<\/span><\/span><\/div>\n\t\t\t\t\n\t\t\t\t<div class=\"wp-block-button wc-block-grid__product-add-to-cart\"><a href=\"\/pt-pt\/wp-json\/wp\/v2\/pages\/23001?add-to-cart=23762\" aria-label=\"Adiciona ao carrinho: &ldquo;Sun &amp; Pollution Protector&rdquo;\" data-quantity=\"1\" data-product_id=\"23762\" data-product_sku=\"GEN006\" data-price=\"38.8\" rel=\"nofollow\" class=\"wp-block-button__link  add_to_cart_button ajax_add_to_cart\">Add to bag &#8211; 38,80&nbsp;&euro;<\/a><\/div>\n\t\t\t\n<div\n\tclass=\"yith-wcwl-add-to-wishlist add-to-wishlist-23762 yith-wcwl-add-to-wishlist--link-style wishlist-fragment on-first-load\"\n\tdata-fragment-ref=\"23762\"\n\tdata-fragment-options=\"{&quot;base_url&quot;:&quot;&quot;,&quot;product_id&quot;:23762,&quot;parent_product_id&quot;:0,&quot;product_type&quot;:&quot;simple&quot;,&quot;is_single&quot;:false,&quot;in_default_wishlist&quot;:false,&quot;show_view&quot;:false,&quot;browse_wishlist_text&quot;:&quot;Echar un vistazo a la lista de deseos&quot;,&quot;already_in_wishslist_text&quot;:&quot;\\u00a1El producto ya est\\u00e1 en tu lista de deseos!&quot;,&quot;product_added_text&quot;:&quot;\\u00a1Producto a\\u00f1adido!&quot;,&quot;available_multi_wishlist&quot;:false,&quot;disable_wishlist&quot;:false,&quot;show_count&quot;:false,&quot;ajax_loading&quot;:false,&quot;loop_position&quot;:&quot;after_add_to_cart&quot;,&quot;item&quot;:&quot;add_to_wishlist&quot;}\"\n>\n\t<\/div>\n<\/li><li class=\"wc-block-grid__product add-to-wishlist-after_add_to_cart\"><a href=\"https:\/\/clinicaciplex.com\/pt-pt\/probiac\/\" class=\"wc-block-grid__product-link\">\n\t\t\t\t\t\n\t\t\t\t\t<div class=\"wc-block-grid__product-image\"><img loading=\"lazy\" decoding=\"async\" width=\"300\" height=\"300\" src=\"https:\/\/clinicaciplex.com\/wp-content\/uploads\/2025\/04\/Clinica_Ciplex_Probiac_Galenicum-300x300.jpg\" class=\"attachment-woocommerce_thumbnail size-woocommerce_thumbnail\" alt=\"Probiac\" srcset=\"https:\/\/clinicaciplex.com\/wp-content\/uploads\/2025\/04\/Clinica_Ciplex_Probiac_Galenicum-300x300.jpg 300w, https:\/\/clinicaciplex.com\/wp-content\/uploads\/2025\/04\/Clinica_Ciplex_Probiac_Galenicum-150x150.jpg 150w, https:\/\/clinicaciplex.com\/wp-content\/uploads\/2025\/04\/Clinica_Ciplex_Probiac_Galenicum-768x768.jpg 768w, https:\/\/clinicaciplex.com\/wp-content\/uploads\/2025\/04\/Clinica_Ciplex_Probiac_Galenicum-650x650.jpg 650w, https:\/\/clinicaciplex.com\/wp-content\/uploads\/2025\/04\/Clinica_Ciplex_Probiac_Galenicum-600x600.jpg 600w, https:\/\/clinicaciplex.com\/wp-content\/uploads\/2025\/04\/Clinica_Ciplex_Probiac_Galenicum-100x100.jpg 100w, https:\/\/clinicaciplex.com\/wp-content\/uploads\/2025\/04\/Clinica_Ciplex_Probiac_Galenicum.jpg 800w\" sizes=\"(max-width: 300px) 100vw, 300px\" \/><\/div>\n\t\t\t\t\t<div class=\"wc-block-grid__product-title\">Probiac<\/div>\n\t\t\t\t<\/a>\n\t\t\t\t<div class=\"wc-block-grid__product-price price\"><span class=\"woocommerce-Price-amount amount\">24,41&nbsp;<span class=\"woocommerce-Price-currencySymbol\">&euro;<\/span><\/span><\/div>\n\t\t\t\t\n\t\t\t\t<div class=\"wp-block-button wc-block-grid__product-add-to-cart\"><a href=\"\/pt-pt\/wp-json\/wp\/v2\/pages\/23001?add-to-cart=23918\" aria-label=\"Adiciona ao carrinho: &ldquo;Probiac&rdquo;\" data-quantity=\"1\" data-product_id=\"23918\" data-product_sku=\"GAL202962\" data-price=\"24.41\" rel=\"nofollow\" class=\"wp-block-button__link  add_to_cart_button ajax_add_to_cart\">Add to bag &#8211; 24,41&nbsp;&euro;<\/a><\/div>\n\t\t\t\n<div\n\tclass=\"yith-wcwl-add-to-wishlist add-to-wishlist-23918 yith-wcwl-add-to-wishlist--link-style wishlist-fragment on-first-load\"\n\tdata-fragment-ref=\"23918\"\n\tdata-fragment-options=\"{&quot;base_url&quot;:&quot;&quot;,&quot;product_id&quot;:23918,&quot;parent_product_id&quot;:0,&quot;product_type&quot;:&quot;simple&quot;,&quot;is_single&quot;:false,&quot;in_default_wishlist&quot;:false,&quot;show_view&quot;:false,&quot;browse_wishlist_text&quot;:&quot;Echar un vistazo a la lista de deseos&quot;,&quot;already_in_wishslist_text&quot;:&quot;\\u00a1El producto ya est\\u00e1 en tu lista de deseos!&quot;,&quot;product_added_text&quot;:&quot;\\u00a1Producto a\\u00f1adido!&quot;,&quot;available_multi_wishlist&quot;:false,&quot;disable_wishlist&quot;:false,&quot;show_count&quot;:false,&quot;ajax_loading&quot;:false,&quot;loop_position&quot;:&quot;after_add_to_cart&quot;,&quot;item&quot;:&quot;add_to_wishlist&quot;}\"\n>\n\t<\/div>\n<\/li><\/ul><\/div><\/div>\n<\/div>\n","protected":false},"excerpt":{"rendered":"","protected":false},"author":40,"featured_media":0,"parent":0,"menu_order":0,"comment_status":"closed","ping_status":"closed","template":"","meta":{"_joinchat":[],"footnotes":""},"class_list":["post-23001","page","type-page","status-publish","hentry"],"yoast_head":"<!-- This site is optimized with the Yoast SEO plugin v27.3 - https:\/\/yoast.com\/product\/yoast-seo-wordpress\/ -->\n<title>Cart - Cl\u00ednica Ciplex<\/title>\n<meta name=\"robots\" content=\"index, follow, max-snippet:-1, max-image-preview:large, max-video-preview:-1\" \/>\n<link rel=\"canonical\" href=\"https:\/\/clinicaciplex.com\/pt-pt\/cart\/\" \/>\n<meta property=\"og:locale\" content=\"pt_PT\" \/>\n<meta property=\"og:type\" content=\"article\" \/>\n<meta property=\"og:title\" content=\"Cart - Cl\u00ednica Ciplex\" \/>\n<meta property=\"og:url\" content=\"https:\/\/clinicaciplex.com\/pt-pt\/cart\/\" \/>\n<meta property=\"og:site_name\" content=\"Cl\u00ednica Ciplex\" \/>\n<meta property=\"article:publisher\" content=\"https:\/\/www.facebook.com\/clinica.ciplex\" \/>\n<meta name=\"twitter:card\" content=\"summary_large_image\" \/>\n<script type=\"application\/ld+json\" class=\"yoast-schema-graph\">{\"@context\":\"https:\\\/\\\/schema.org\",\"@graph\":[{\"@type\":\"WebPage\",\"@id\":\"https:\\\/\\\/clinicaciplex.com\\\/pt-pt\\\/cart\\\/\",\"url\":\"https:\\\/\\\/clinicaciplex.com\\\/pt-pt\\\/cart\\\/\",\"name\":\"Cart - Cl\u00ednica Ciplex\",\"isPartOf\":{\"@id\":\"https:\\\/\\\/clinicaciplex.com\\\/#website\"},\"datePublished\":\"2025-04-15T16:54:23+00:00\",\"breadcrumb\":{\"@id\":\"https:\\\/\\\/clinicaciplex.com\\\/pt-pt\\\/cart\\\/#breadcrumb\"},\"inLanguage\":\"pt-PT\",\"potentialAction\":[{\"@type\":\"ReadAction\",\"target\":[\"https:\\\/\\\/clinicaciplex.com\\\/pt-pt\\\/cart\\\/\"]}]},{\"@type\":\"BreadcrumbList\",\"@id\":\"https:\\\/\\\/clinicaciplex.com\\\/pt-pt\\\/cart\\\/#breadcrumb\",\"itemListElement\":[{\"@type\":\"ListItem\",\"position\":1,\"name\":\"Cl\u00ednica C\u00edplex\",\"item\":\"https:\\\/\\\/clinicaciplex.com\\\/pt-pt\\\/\"},{\"@type\":\"ListItem\",\"position\":2,\"name\":\"Cart\"}]},{\"@type\":\"WebSite\",\"@id\":\"https:\\\/\\\/clinicaciplex.com\\\/#website\",\"url\":\"https:\\\/\\\/clinicaciplex.com\\\/\",\"name\":\"Cl\u00ednica Ciplex\",\"description\":\"L\u00edderes en cirug\u00eda est\u00e9tica y pl\u00e1stica en Badajoz: rinoplastia, aumento de pecho, liposucci\u00f3n y m\u00e1s. Presentes en toda Extremadura. Financia en 5 a\u00f1os\",\"publisher\":{\"@id\":\"https:\\\/\\\/clinicaciplex.com\\\/#organization\"},\"alternateName\":\"Cl\u00ednica de cirug\u00eda pl\u00e1stica y est\u00e9tica Ciplex\",\"potentialAction\":[{\"@type\":\"SearchAction\",\"target\":{\"@type\":\"EntryPoint\",\"urlTemplate\":\"https:\\\/\\\/clinicaciplex.com\\\/?s={search_term_string}\"},\"query-input\":{\"@type\":\"PropertyValueSpecification\",\"valueRequired\":true,\"valueName\":\"search_term_string\"}}],\"inLanguage\":\"pt-PT\"},{\"@type\":\"Organization\",\"@id\":\"https:\\\/\\\/clinicaciplex.com\\\/#organization\",\"name\":\"Cl\u00ednica Ciplex\",\"alternateName\":\"Cl\u00ednica de cirug\u00eda pl\u00e1stica y est\u00e9tica Ciplex\",\"url\":\"https:\\\/\\\/clinicaciplex.com\\\/\",\"logo\":{\"@type\":\"ImageObject\",\"inLanguage\":\"pt-PT\",\"@id\":\"https:\\\/\\\/clinicaciplex.com\\\/#\\\/schema\\\/logo\\\/image\\\/\",\"url\":\"https:\\\/\\\/clinicaciplex.com\\\/wp-content\\\/uploads\\\/2024\\\/04\\\/logo.svg\",\"contentUrl\":\"https:\\\/\\\/clinicaciplex.com\\\/wp-content\\\/uploads\\\/2024\\\/04\\\/logo.svg\",\"width\":167,\"height\":45,\"caption\":\"Cl\u00ednica Ciplex\"},\"image\":{\"@id\":\"https:\\\/\\\/clinicaciplex.com\\\/#\\\/schema\\\/logo\\\/image\\\/\"},\"sameAs\":[\"https:\\\/\\\/www.facebook.com\\\/clinica.ciplex\",\"https:\\\/\\\/www.instagram.com\\\/clinicaciplex\\\/\"]}]}<\/script>\n<!-- \/ Yoast SEO plugin. -->","yoast_head_json":{"title":"Cart - Cl\u00ednica Ciplex","robots":{"index":"index","follow":"follow","max-snippet":"max-snippet:-1","max-image-preview":"max-image-preview:large","max-video-preview":"max-video-preview:-1"},"canonical":"https:\/\/clinicaciplex.com\/pt-pt\/cart\/","og_locale":"pt_PT","og_type":"article","og_title":"Cart - Cl\u00ednica Ciplex","og_url":"https:\/\/clinicaciplex.com\/pt-pt\/cart\/","og_site_name":"Cl\u00ednica Ciplex","article_publisher":"https:\/\/www.facebook.com\/clinica.ciplex","twitter_card":"summary_large_image","schema":{"@context":"https:\/\/schema.org","@graph":[{"@type":"WebPage","@id":"https:\/\/clinicaciplex.com\/pt-pt\/cart\/","url":"https:\/\/clinicaciplex.com\/pt-pt\/cart\/","name":"Cart - Cl\u00ednica Ciplex","isPartOf":{"@id":"https:\/\/clinicaciplex.com\/#website"},"datePublished":"2025-04-15T16:54:23+00:00","breadcrumb":{"@id":"https:\/\/clinicaciplex.com\/pt-pt\/cart\/#breadcrumb"},"inLanguage":"pt-PT","potentialAction":[{"@type":"ReadAction","target":["https:\/\/clinicaciplex.com\/pt-pt\/cart\/"]}]},{"@type":"BreadcrumbList","@id":"https:\/\/clinicaciplex.com\/pt-pt\/cart\/#breadcrumb","itemListElement":[{"@type":"ListItem","position":1,"name":"Cl\u00ednica C\u00edplex","item":"https:\/\/clinicaciplex.com\/pt-pt\/"},{"@type":"ListItem","position":2,"name":"Cart"}]},{"@type":"WebSite","@id":"https:\/\/clinicaciplex.com\/#website","url":"https:\/\/clinicaciplex.com\/","name":"Cl\u00ednica Ciplex","description":"L\u00edderes en cirug\u00eda est\u00e9tica y pl\u00e1stica en Badajoz: rinoplastia, aumento de pecho, liposucci\u00f3n y m\u00e1s. Presentes en toda Extremadura. Financia en 5 a\u00f1os","publisher":{"@id":"https:\/\/clinicaciplex.com\/#organization"},"alternateName":"Cl\u00ednica de cirug\u00eda pl\u00e1stica y est\u00e9tica Ciplex","potentialAction":[{"@type":"SearchAction","target":{"@type":"EntryPoint","urlTemplate":"https:\/\/clinicaciplex.com\/?s={search_term_string}"},"query-input":{"@type":"PropertyValueSpecification","valueRequired":true,"valueName":"search_term_string"}}],"inLanguage":"pt-PT"},{"@type":"Organization","@id":"https:\/\/clinicaciplex.com\/#organization","name":"Cl\u00ednica Ciplex","alternateName":"Cl\u00ednica de cirug\u00eda pl\u00e1stica y est\u00e9tica Ciplex","url":"https:\/\/clinicaciplex.com\/","logo":{"@type":"ImageObject","inLanguage":"pt-PT","@id":"https:\/\/clinicaciplex.com\/#\/schema\/logo\/image\/","url":"https:\/\/clinicaciplex.com\/wp-content\/uploads\/2024\/04\/logo.svg","contentUrl":"https:\/\/clinicaciplex.com\/wp-content\/uploads\/2024\/04\/logo.svg","width":167,"height":45,"caption":"Cl\u00ednica Ciplex"},"image":{"@id":"https:\/\/clinicaciplex.com\/#\/schema\/logo\/image\/"},"sameAs":["https:\/\/www.facebook.com\/clinica.ciplex","https:\/\/www.instagram.com\/clinicaciplex\/"]}]}},"_links":{"self":[{"href":"https:\/\/clinicaciplex.com\/pt-pt\/wp-json\/wp\/v2\/pages\/23001","targetHints":{"allow":["GET"]}}],"collection":[{"href":"https:\/\/clinicaciplex.com\/pt-pt\/wp-json\/wp\/v2\/pages"}],"about":[{"href":"https:\/\/clinicaciplex.com\/pt-pt\/wp-json\/wp\/v2\/types\/page"}],"author":[{"embeddable":true,"href":"https:\/\/clinicaciplex.com\/pt-pt\/wp-json\/wp\/v2\/users\/40"}],"replies":[{"embeddable":true,"href":"https:\/\/clinicaciplex.com\/pt-pt\/wp-json\/wp\/v2\/comments?post=23001"}],"version-history":[{"count":0,"href":"https:\/\/clinicaciplex.com\/pt-pt\/wp-json\/wp\/v2\/pages\/23001\/revisions"}],"wp:attachment":[{"href":"https:\/\/clinicaciplex.com\/pt-pt\/wp-json\/wp\/v2\/media?parent=23001"}],"curies":[{"name":"wp","href":"https:\/\/api.w.org\/{rel}","templated":true}]}}