{"id":22742,"date":"2025-03-10T10:38:57","date_gmt":"2025-03-10T09:38:57","guid":{"rendered":"https:\/\/clinicaciplex.com\/?page_id=22742"},"modified":"2025-03-10T10:40:39","modified_gmt":"2025-03-10T09:40:39","slug":"gracias-por-contactar","status":"publish","type":"page","link":"https:\/\/clinicaciplex.com\/pt-pt\/gracias-por-contactar\/","title":{"rendered":"Gracias por contactar"},"content":{"rendered":"<h2 style=\"text-align: center; margin-top: 40px;\">\u00a1Hemos recibido tu mensaje!<\/h2>\n<h3 style=\"text-align: center; margin-bottom: 60px;\">Nos pondremos en contacto contigo lo m\u00e1s pronto posible. \u00a1Muchas gracias por contactar con Cl\u00ednica Ciplex!<\/h3>\n","protected":false},"excerpt":{"rendered":"<p>\u00a1Hemos recibido tu mensaje! Nos pondremos en contacto contigo lo m\u00e1s pronto posible. \u00a1Muchas gracias por contactar con Cl\u00ednica Ciplex!<\/p>\n","protected":false},"author":40,"featured_media":0,"parent":0,"menu_order":0,"comment_status":"closed","ping_status":"closed","template":"","meta":{"_joinchat":[],"footnotes":""},"class_list":["post-22742","page","type-page","status-publish","hentry"],"yoast_head":"<!-- This site is optimized with the Yoast SEO plugin v27.3 - https:\/\/yoast.com\/product\/yoast-seo-wordpress\/ -->\n<title>Gracias por contactar - Cl\u00ednica Ciplex<\/title>\n<meta name=\"robots\" content=\"index, follow, max-snippet:-1, max-image-preview:large, max-video-preview:-1\" \/>\n<link rel=\"canonical\" href=\"https:\/\/clinicaciplex.com\/gracias-por-contactar\/\" \/>\n<meta property=\"og:locale\" content=\"pt_PT\" \/>\n<meta property=\"og:type\" content=\"article\" \/>\n<meta property=\"og:title\" content=\"Gracias por contactar - Cl\u00ednica Ciplex\" \/>\n<meta property=\"og:description\" content=\"\u00a1Hemos recibido tu mensaje! Nos pondremos en contacto contigo lo m\u00e1s pronto posible. \u00a1Muchas gracias por contactar con Cl\u00ednica Ciplex!\" \/>\n<meta property=\"og:url\" content=\"https:\/\/clinicaciplex.com\/gracias-por-contactar\/\" \/>\n<meta property=\"og:site_name\" content=\"Cl\u00ednica Ciplex\" \/>\n<meta property=\"article:publisher\" content=\"https:\/\/www.facebook.com\/clinica.ciplex\" \/>\n<meta property=\"article:modified_time\" content=\"2025-03-10T09:40:39+00:00\" \/>\n<meta name=\"twitter:card\" content=\"summary_large_image\" \/>\n<meta name=\"twitter:label1\" content=\"Tempo estimado de leitura\" \/>\n\t<meta name=\"twitter:data1\" content=\"1 minuto\" \/>\n<script type=\"application\/ld+json\" class=\"yoast-schema-graph\">{\"@context\":\"https:\\\/\\\/schema.org\",\"@graph\":[{\"@type\":\"WebPage\",\"@id\":\"https:\\\/\\\/clinicaciplex.com\\\/gracias-por-contactar\\\/\",\"url\":\"https:\\\/\\\/clinicaciplex.com\\\/gracias-por-contactar\\\/\",\"name\":\"Gracias por contactar - Cl\u00ednica Ciplex\",\"isPartOf\":{\"@id\":\"https:\\\/\\\/clinicaciplex.com\\\/#website\"},\"datePublished\":\"2025-03-10T09:38:57+00:00\",\"dateModified\":\"2025-03-10T09:40:39+00:00\",\"breadcrumb\":{\"@id\":\"https:\\\/\\\/clinicaciplex.com\\\/gracias-por-contactar\\\/#breadcrumb\"},\"inLanguage\":\"pt-PT\",\"potentialAction\":[{\"@type\":\"ReadAction\",\"target\":[\"https:\\\/\\\/clinicaciplex.com\\\/gracias-por-contactar\\\/\"]}]},{\"@type\":\"BreadcrumbList\",\"@id\":\"https:\\\/\\\/clinicaciplex.com\\\/gracias-por-contactar\\\/#breadcrumb\",\"itemListElement\":[{\"@type\":\"ListItem\",\"position\":1,\"name\":\"Cl\u00ednica C\u00edplex\",\"item\":\"https:\\\/\\\/clinicaciplex.com\\\/pt-pt\\\/\"},{\"@type\":\"ListItem\",\"position\":2,\"name\":\"Gracias por contactar\"}]},{\"@type\":\"WebSite\",\"@id\":\"https:\\\/\\\/clinicaciplex.com\\\/#website\",\"url\":\"https:\\\/\\\/clinicaciplex.com\\\/\",\"name\":\"Cl\u00ednica Ciplex\",\"description\":\"L\u00edderes en cirug\u00eda est\u00e9tica y pl\u00e1stica en Badajoz: rinoplastia, aumento de pecho, liposucci\u00f3n y m\u00e1s. Presentes en toda Extremadura. Financia en 5 a\u00f1os\",\"publisher\":{\"@id\":\"https:\\\/\\\/clinicaciplex.com\\\/#organization\"},\"alternateName\":\"Cl\u00ednica de cirug\u00eda pl\u00e1stica y est\u00e9tica Ciplex\",\"potentialAction\":[{\"@type\":\"SearchAction\",\"target\":{\"@type\":\"EntryPoint\",\"urlTemplate\":\"https:\\\/\\\/clinicaciplex.com\\\/?s={search_term_string}\"},\"query-input\":{\"@type\":\"PropertyValueSpecification\",\"valueRequired\":true,\"valueName\":\"search_term_string\"}}],\"inLanguage\":\"pt-PT\"},{\"@type\":\"Organization\",\"@id\":\"https:\\\/\\\/clinicaciplex.com\\\/#organization\",\"name\":\"Cl\u00ednica Ciplex\",\"alternateName\":\"Cl\u00ednica de cirug\u00eda pl\u00e1stica y est\u00e9tica Ciplex\",\"url\":\"https:\\\/\\\/clinicaciplex.com\\\/\",\"logo\":{\"@type\":\"ImageObject\",\"inLanguage\":\"pt-PT\",\"@id\":\"https:\\\/\\\/clinicaciplex.com\\\/#\\\/schema\\\/logo\\\/image\\\/\",\"url\":\"https:\\\/\\\/clinicaciplex.com\\\/wp-content\\\/uploads\\\/2024\\\/04\\\/logo.svg\",\"contentUrl\":\"https:\\\/\\\/clinicaciplex.com\\\/wp-content\\\/uploads\\\/2024\\\/04\\\/logo.svg\",\"width\":167,\"height\":45,\"caption\":\"Cl\u00ednica Ciplex\"},\"image\":{\"@id\":\"https:\\\/\\\/clinicaciplex.com\\\/#\\\/schema\\\/logo\\\/image\\\/\"},\"sameAs\":[\"https:\\\/\\\/www.facebook.com\\\/clinica.ciplex\",\"https:\\\/\\\/www.instagram.com\\\/clinicaciplex\\\/\"]}]}<\/script>\n<!-- \/ Yoast SEO plugin. -->","yoast_head_json":{"title":"Gracias por contactar - Cl\u00ednica Ciplex","robots":{"index":"index","follow":"follow","max-snippet":"max-snippet:-1","max-image-preview":"max-image-preview:large","max-video-preview":"max-video-preview:-1"},"canonical":"https:\/\/clinicaciplex.com\/gracias-por-contactar\/","og_locale":"pt_PT","og_type":"article","og_title":"Gracias por contactar - Cl\u00ednica Ciplex","og_description":"\u00a1Hemos recibido tu mensaje! Nos pondremos en contacto contigo lo m\u00e1s pronto posible. \u00a1Muchas gracias por contactar con Cl\u00ednica Ciplex!","og_url":"https:\/\/clinicaciplex.com\/gracias-por-contactar\/","og_site_name":"Cl\u00ednica Ciplex","article_publisher":"https:\/\/www.facebook.com\/clinica.ciplex","article_modified_time":"2025-03-10T09:40:39+00:00","twitter_card":"summary_large_image","twitter_misc":{"Tempo estimado de leitura":"1 minuto"},"schema":{"@context":"https:\/\/schema.org","@graph":[{"@type":"WebPage","@id":"https:\/\/clinicaciplex.com\/gracias-por-contactar\/","url":"https:\/\/clinicaciplex.com\/gracias-por-contactar\/","name":"Gracias por contactar - Cl\u00ednica Ciplex","isPartOf":{"@id":"https:\/\/clinicaciplex.com\/#website"},"datePublished":"2025-03-10T09:38:57+00:00","dateModified":"2025-03-10T09:40:39+00:00","breadcrumb":{"@id":"https:\/\/clinicaciplex.com\/gracias-por-contactar\/#breadcrumb"},"inLanguage":"pt-PT","potentialAction":[{"@type":"ReadAction","target":["https:\/\/clinicaciplex.com\/gracias-por-contactar\/"]}]},{"@type":"BreadcrumbList","@id":"https:\/\/clinicaciplex.com\/gracias-por-contactar\/#breadcrumb","itemListElement":[{"@type":"ListItem","position":1,"name":"Cl\u00ednica C\u00edplex","item":"https:\/\/clinicaciplex.com\/pt-pt\/"},{"@type":"ListItem","position":2,"name":"Gracias por contactar"}]},{"@type":"WebSite","@id":"https:\/\/clinicaciplex.com\/#website","url":"https:\/\/clinicaciplex.com\/","name":"Cl\u00ednica Ciplex","description":"L\u00edderes en cirug\u00eda est\u00e9tica y pl\u00e1stica en Badajoz: rinoplastia, aumento de pecho, liposucci\u00f3n y m\u00e1s. Presentes en toda Extremadura. Financia en 5 a\u00f1os","publisher":{"@id":"https:\/\/clinicaciplex.com\/#organization"},"alternateName":"Cl\u00ednica de cirug\u00eda pl\u00e1stica y est\u00e9tica Ciplex","potentialAction":[{"@type":"SearchAction","target":{"@type":"EntryPoint","urlTemplate":"https:\/\/clinicaciplex.com\/?s={search_term_string}"},"query-input":{"@type":"PropertyValueSpecification","valueRequired":true,"valueName":"search_term_string"}}],"inLanguage":"pt-PT"},{"@type":"Organization","@id":"https:\/\/clinicaciplex.com\/#organization","name":"Cl\u00ednica Ciplex","alternateName":"Cl\u00ednica de cirug\u00eda pl\u00e1stica y est\u00e9tica Ciplex","url":"https:\/\/clinicaciplex.com\/","logo":{"@type":"ImageObject","inLanguage":"pt-PT","@id":"https:\/\/clinicaciplex.com\/#\/schema\/logo\/image\/","url":"https:\/\/clinicaciplex.com\/wp-content\/uploads\/2024\/04\/logo.svg","contentUrl":"https:\/\/clinicaciplex.com\/wp-content\/uploads\/2024\/04\/logo.svg","width":167,"height":45,"caption":"Cl\u00ednica Ciplex"},"image":{"@id":"https:\/\/clinicaciplex.com\/#\/schema\/logo\/image\/"},"sameAs":["https:\/\/www.facebook.com\/clinica.ciplex","https:\/\/www.instagram.com\/clinicaciplex\/"]}]}},"_links":{"self":[{"href":"https:\/\/clinicaciplex.com\/pt-pt\/wp-json\/wp\/v2\/pages\/22742","targetHints":{"allow":["GET"]}}],"collection":[{"href":"https:\/\/clinicaciplex.com\/pt-pt\/wp-json\/wp\/v2\/pages"}],"about":[{"href":"https:\/\/clinicaciplex.com\/pt-pt\/wp-json\/wp\/v2\/types\/page"}],"author":[{"embeddable":true,"href":"https:\/\/clinicaciplex.com\/pt-pt\/wp-json\/wp\/v2\/users\/40"}],"replies":[{"embeddable":true,"href":"https:\/\/clinicaciplex.com\/pt-pt\/wp-json\/wp\/v2\/comments?post=22742"}],"version-history":[{"count":0,"href":"https:\/\/clinicaciplex.com\/pt-pt\/wp-json\/wp\/v2\/pages\/22742\/revisions"}],"wp:attachment":[{"href":"https:\/\/clinicaciplex.com\/pt-pt\/wp-json\/wp\/v2\/media?parent=22742"}],"curies":[{"name":"wp","href":"https:\/\/api.w.org\/{rel}","templated":true}]}}